{"id":110,"date":"2020-09-16T08:31:27","date_gmt":"2020-09-16T08:31:27","guid":{"rendered":"http:\/\/sexwork.test\/who-we-are\/"},"modified":"2026-04-07T06:37:16","modified_gmt":"2026-04-07T06:37:16","slug":"qui-nous-sommes","status":"publish","type":"page","link":"https:\/\/procore-info.ch\/fr\/qui-nous-sommes\/","title":{"rendered":"Qui nous sommes"},"content":{"rendered":"","protected":false},"excerpt":{"rendered":"","protected":false},"author":1,"featured_media":0,"parent":0,"menu_order":0,"comment_status":"closed","ping_status":"closed","template":"","meta":{"_acf_changed":false,"om_disable_all_campaigns":false,"inline_featured_image":false,"_monsterinsights_skip_tracking":false,"_monsterinsights_sitenote_active":false,"_monsterinsights_sitenote_note":"","_monsterinsights_sitenote_category":0,"iawp_total_views":260,"footnotes":""},"class_list":["post-110","page","type-page","status-publish","hentry"],"acf":[],"aioseo_notices":[],"yoast_head":"<!-- This site is optimized with the Yoast SEO plugin v25.4 - https:\/\/yoast.com\/wordpress\/plugins\/seo\/ -->\n<title>ProCoRe - Qui nous sommes<\/title>\n<meta name=\"description\" content=\"ProCoRe (Prostitution Collective Reflexion) est le r\u00e9seau national de d\u00e9fense des int\u00e9r\u00eats des travailleur*euses du sexe en Suisse.\" \/>\n<meta name=\"robots\" content=\"index, follow, max-snippet:-1, max-image-preview:large, max-video-preview:-1\" \/>\n<link rel=\"canonical\" href=\"https:\/\/procore-info.ch\/fr\/qui-nous-sommes\/\" \/>\n<meta property=\"og:locale\" content=\"fr_FR\" \/>\n<meta property=\"og:type\" content=\"article\" \/>\n<meta property=\"og:title\" content=\"ProCoRe - qui nour sommes\" \/>\n<meta property=\"og:description\" content=\"ProCoRe (Prostitution Collective Reflexion) est le r\u00e9seau national de d\u00e9fense des int\u00e9r\u00eats des travailleur*euses du sexe en Suisse.\" \/>\n<meta property=\"og:url\" content=\"https:\/\/procore-info.ch\/fr\/qui-nous-sommes\/\" \/>\n<meta property=\"og:site_name\" content=\"ProCoRe\" \/>\n<meta property=\"article:publisher\" content=\"https:\/\/www.facebook.com\/www.sexwork.ch\/\" \/>\n<meta property=\"article:modified_time\" content=\"2026-04-07T06:37:16+00:00\" \/>\n<meta property=\"og:image\" content=\"https:\/\/procore-info.ch\/wp-content\/uploads\/2021\/02\/Wand_web.jpg\" \/>\n\t<meta property=\"og:image:width\" content=\"1600\" \/>\n\t<meta property=\"og:image:height\" content=\"999\" \/>\n\t<meta property=\"og:image:type\" content=\"image\/jpeg\" \/>\n<meta name=\"twitter:card\" content=\"summary_large_image\" \/>\n<meta name=\"twitter:title\" content=\"ProCoRe - qui nour sommes\" \/>\n<meta name=\"twitter:description\" content=\"ProCoRe (Prostitution Collective Reflexion) est le r\u00e9seau national de d\u00e9fense des int\u00e9r\u00eats des travailleur*euses du sexe en Suisse.\" \/>\n<meta name=\"twitter:image\" content=\"https:\/\/procore-info.ch\/wp-content\/uploads\/2021\/02\/Wand_web.jpg\" \/>\n<meta name=\"twitter:site\" content=\"@ProCoRe13\" \/>\n<script type=\"application\/ld+json\" class=\"yoast-schema-graph\">{\"@context\":\"https:\/\/schema.org\",\"@graph\":[{\"@type\":\"WebPage\",\"@id\":\"https:\/\/procore-info.ch\/fr\/qui-nous-sommes\/\",\"url\":\"https:\/\/procore-info.ch\/fr\/qui-nous-sommes\/\",\"name\":\"ProCoRe - Qui nous sommes\",\"isPartOf\":{\"@id\":\"https:\/\/procore-info.ch\/#website\"},\"datePublished\":\"2020-09-16T08:31:27+00:00\",\"dateModified\":\"2026-04-07T06:37:16+00:00\",\"description\":\"ProCoRe (Prostitution Collective Reflexion) est le r\u00e9seau national de d\u00e9fense des int\u00e9r\u00eats des travailleur*euses du sexe en Suisse.\",\"breadcrumb\":{\"@id\":\"https:\/\/procore-info.ch\/fr\/qui-nous-sommes\/#breadcrumb\"},\"inLanguage\":\"fr-FR\",\"potentialAction\":[{\"@type\":\"ReadAction\",\"target\":[\"https:\/\/procore-info.ch\/fr\/qui-nous-sommes\/\"]}]},{\"@type\":\"BreadcrumbList\",\"@id\":\"https:\/\/procore-info.ch\/fr\/qui-nous-sommes\/#breadcrumb\",\"itemListElement\":[{\"@type\":\"ListItem\",\"position\":1,\"name\":\"Home\",\"item\":\"https:\/\/procore-info.ch\/\"},{\"@type\":\"ListItem\",\"position\":2,\"name\":\"Qui nous sommes\"}]},{\"@type\":\"WebSite\",\"@id\":\"https:\/\/procore-info.ch\/#website\",\"url\":\"https:\/\/procore-info.ch\/\",\"name\":\"ProCoRe\",\"description\":\"Sexarbeit ist Arbeit\",\"publisher\":{\"@id\":\"https:\/\/procore-info.ch\/#organization\"},\"potentialAction\":[{\"@type\":\"SearchAction\",\"target\":{\"@type\":\"EntryPoint\",\"urlTemplate\":\"https:\/\/procore-info.ch\/?s={search_term_string}\"},\"query-input\":{\"@type\":\"PropertyValueSpecification\",\"valueRequired\":true,\"valueName\":\"search_term_string\"}}],\"inLanguage\":\"fr-FR\"},{\"@type\":\"Organization\",\"@id\":\"https:\/\/procore-info.ch\/#organization\",\"name\":\"ProCoRe\",\"url\":\"https:\/\/procore-info.ch\/\",\"logo\":{\"@type\":\"ImageObject\",\"inLanguage\":\"fr-FR\",\"@id\":\"https:\/\/procore-info.ch\/#\/schema\/logo\/image\/\",\"url\":null,\"contentUrl\":null,\"width\":1024,\"height\":724,\"caption\":\"ProCoRe\"},\"image\":{\"@id\":\"https:\/\/procore-info.ch\/#\/schema\/logo\/image\/\"},\"sameAs\":[\"https:\/\/www.facebook.com\/www.sexwork.ch\/\",\"https:\/\/x.com\/ProCoRe13\"]}]}<\/script>\n<!-- \/ Yoast SEO plugin. -->","yoast_head_json":{"title":"ProCoRe - Qui nous sommes","description":"ProCoRe (Prostitution Collective Reflexion) est le r\u00e9seau national de d\u00e9fense des int\u00e9r\u00eats des travailleur*euses du sexe en Suisse.","robots":{"index":"index","follow":"follow","max-snippet":"max-snippet:-1","max-image-preview":"max-image-preview:large","max-video-preview":"max-video-preview:-1"},"canonical":"https:\/\/procore-info.ch\/fr\/qui-nous-sommes\/","og_locale":"fr_FR","og_type":"article","og_title":"ProCoRe - qui nour sommes","og_description":"ProCoRe (Prostitution Collective Reflexion) est le r\u00e9seau national de d\u00e9fense des int\u00e9r\u00eats des travailleur*euses du sexe en Suisse.","og_url":"https:\/\/procore-info.ch\/fr\/qui-nous-sommes\/","og_site_name":"ProCoRe","article_publisher":"https:\/\/www.facebook.com\/www.sexwork.ch\/","article_modified_time":"2026-04-07T06:37:16+00:00","og_image":[{"width":1600,"height":999,"url":"https:\/\/procore-info.ch\/wp-content\/uploads\/2021\/02\/Wand_web.jpg","type":"image\/jpeg"}],"twitter_card":"summary_large_image","twitter_title":"ProCoRe - qui nour sommes","twitter_description":"ProCoRe (Prostitution Collective Reflexion) est le r\u00e9seau national de d\u00e9fense des int\u00e9r\u00eats des travailleur*euses du sexe en Suisse.","twitter_image":"https:\/\/procore-info.ch\/wp-content\/uploads\/2021\/02\/Wand_web.jpg","twitter_site":"@ProCoRe13","schema":{"@context":"https:\/\/schema.org","@graph":[{"@type":"WebPage","@id":"https:\/\/procore-info.ch\/fr\/qui-nous-sommes\/","url":"https:\/\/procore-info.ch\/fr\/qui-nous-sommes\/","name":"ProCoRe - Qui nous sommes","isPartOf":{"@id":"https:\/\/procore-info.ch\/#website"},"datePublished":"2020-09-16T08:31:27+00:00","dateModified":"2026-04-07T06:37:16+00:00","description":"ProCoRe (Prostitution Collective Reflexion) est le r\u00e9seau national de d\u00e9fense des int\u00e9r\u00eats des travailleur*euses du sexe en Suisse.","breadcrumb":{"@id":"https:\/\/procore-info.ch\/fr\/qui-nous-sommes\/#breadcrumb"},"inLanguage":"fr-FR","potentialAction":[{"@type":"ReadAction","target":["https:\/\/procore-info.ch\/fr\/qui-nous-sommes\/"]}]},{"@type":"BreadcrumbList","@id":"https:\/\/procore-info.ch\/fr\/qui-nous-sommes\/#breadcrumb","itemListElement":[{"@type":"ListItem","position":1,"name":"Home","item":"https:\/\/procore-info.ch\/"},{"@type":"ListItem","position":2,"name":"Qui nous sommes"}]},{"@type":"WebSite","@id":"https:\/\/procore-info.ch\/#website","url":"https:\/\/procore-info.ch\/","name":"ProCoRe","description":"Sexarbeit ist Arbeit","publisher":{"@id":"https:\/\/procore-info.ch\/#organization"},"potentialAction":[{"@type":"SearchAction","target":{"@type":"EntryPoint","urlTemplate":"https:\/\/procore-info.ch\/?s={search_term_string}"},"query-input":{"@type":"PropertyValueSpecification","valueRequired":true,"valueName":"search_term_string"}}],"inLanguage":"fr-FR"},{"@type":"Organization","@id":"https:\/\/procore-info.ch\/#organization","name":"ProCoRe","url":"https:\/\/procore-info.ch\/","logo":{"@type":"ImageObject","inLanguage":"fr-FR","@id":"https:\/\/procore-info.ch\/#\/schema\/logo\/image\/","url":null,"contentUrl":null,"width":1024,"height":724,"caption":"ProCoRe"},"image":{"@id":"https:\/\/procore-info.ch\/#\/schema\/logo\/image\/"},"sameAs":["https:\/\/www.facebook.com\/www.sexwork.ch\/","https:\/\/x.com\/ProCoRe13"]}]}},"_links":{"self":[{"href":"https:\/\/procore-info.ch\/fr\/wp-json\/wp\/v2\/pages\/110","targetHints":{"allow":["GET"]}}],"collection":[{"href":"https:\/\/procore-info.ch\/fr\/wp-json\/wp\/v2\/pages"}],"about":[{"href":"https:\/\/procore-info.ch\/fr\/wp-json\/wp\/v2\/types\/page"}],"author":[{"embeddable":true,"href":"https:\/\/procore-info.ch\/fr\/wp-json\/wp\/v2\/users\/1"}],"replies":[{"embeddable":true,"href":"https:\/\/procore-info.ch\/fr\/wp-json\/wp\/v2\/comments?post=110"}],"version-history":[{"count":97,"href":"https:\/\/procore-info.ch\/fr\/wp-json\/wp\/v2\/pages\/110\/revisions"}],"predecessor-version":[{"id":5002,"href":"https:\/\/procore-info.ch\/fr\/wp-json\/wp\/v2\/pages\/110\/revisions\/5002"}],"wp:attachment":[{"href":"https:\/\/procore-info.ch\/fr\/wp-json\/wp\/v2\/media?parent=110"}],"curies":[{"name":"wp","href":"https:\/\/api.w.org\/{rel}","templated":true}]}}